{"id":1256,"date":"2025-12-10T14:28:11","date_gmt":"2025-12-10T13:28:11","guid":{"rendered":"https:\/\/lithos.insu.fr\/?page_id=1256"},"modified":"2026-02-27T14:45:53","modified_gmt":"2026-02-27T13:45:53","slug":"profil-des-lithos","status":"publish","type":"page","link":"https:\/\/lithos.insu.fr\/?page_id=1256","title":{"rendered":"Profil des Lithos"},"content":{"rendered":"\n<div class=\"wp-block-columns is-layout-flex wp-container-core-columns-is-layout-9d6595d7 wp-block-columns-is-layout-flex\">\n<div class=\"wp-block-column is-layout-flow wp-block-column-is-layout-flow\"><div class=\"wp-block-image\">\n<figure class=\"aligncenter size-full\"><img loading=\"lazy\" decoding=\"async\" width=\"96\" height=\"105\" src=\"https:\/\/lithos.insu.fr\/wp-content\/uploads\/2025\/12\/Jean-Paul-BAKYONO.jpg\" alt=\"\" class=\"wp-image-1264\"\/><\/figure>\n<\/div><\/div>\n\n\n\n<div class=\"wp-block-column is-layout-flow wp-block-column-is-layout-flow\">\n<p class=\"has-text-align-center\"><strong>Jean-Paul BAKYONO<\/strong><br><mark style=\"background-color:rgba(0, 0, 0, 0)\" class=\"has-inline-color has-pale-cyan-blue-color\"><em>G\u00e9osciences Environnement Tours<br>20 Avenue Monge<br>Parc Grandmont<br>37200 TOURS CEDEX<\/em><\/mark><br><em><mark style=\"background-color:rgba(0, 0, 0, 0)\" class=\"has-inline-color has-pale-cyan-blue-color\">France<\/mark><\/em><\/p>\n<\/div>\n\n\n\n<div class=\"wp-block-column is-layout-flow wp-block-column-is-layout-flow\"><div class=\"wp-block-image\">\n<figure class=\"aligncenter size-full is-resized\"><img loading=\"lazy\" decoding=\"async\" width=\"410\" height=\"339\" src=\"https:\/\/lithos.insu.fr\/wp-content\/uploads\/2025\/12\/GeHCO_TOURS.jpg\" alt=\"\" class=\"wp-image-1265\" style=\"aspect-ratio:1.2094100254095035;width:177px;height:auto\" srcset=\"https:\/\/lithos.insu.fr\/wp-content\/uploads\/2025\/12\/GeHCO_TOURS.jpg 410w, https:\/\/lithos.insu.fr\/wp-content\/uploads\/2025\/12\/GeHCO_TOURS-300x248.jpg 300w\" sizes=\"auto, (max-width: 410px) 100vw, 410px\" \/><\/figure>\n<\/div><\/div>\n<\/div>\n\n\n\n<div class=\"wp-block-columns is-layout-flex wp-container-core-columns-is-layout-9d6595d7 wp-block-columns-is-layout-flex\">\n<div class=\"wp-block-column is-layout-flow wp-block-column-is-layout-flow\"><div class=\"wp-block-image\">\n<figure class=\"aligncenter size-full\"><img loading=\"lazy\" decoding=\"async\" width=\"150\" height=\"166\" src=\"https:\/\/lithos.insu.fr\/wp-content\/uploads\/2025\/11\/fab.jpg\" alt=\"\" class=\"wp-image-172\"\/><\/figure>\n<\/div><\/div>\n\n\n\n<div class=\"wp-block-column is-layout-flow wp-block-column-is-layout-flow\">\n<p class=\"has-text-align-center\"><strong>Fabienne BARRERE DE PARSEVAL<\/strong><br>Assistante Ing\u00e9nieure<br><mark style=\"background-color:rgba(0, 0, 0, 0)\" class=\"has-inline-color has-pale-cyan-blue-color\"><em>G\u00e9osciences Environnement Toulouse <\/em><br><em>GET &#8211; UMR 5563<br>Observatoire Midi-Pyr\u00e9n\u00e9es<br>14 Avenue Edouard Belin<br>31400 Toulouse<\/em><\/mark><br><em><mark style=\"background-color:rgba(0, 0, 0, 0)\" class=\"has-inline-color has-pale-cyan-blue-color\">France<\/mark><\/em><\/p>\n<\/div>\n\n\n\n<div class=\"wp-block-column is-layout-flow wp-block-column-is-layout-flow\"><div class=\"wp-block-image\">\n<figure class=\"aligncenter size-full\"><img loading=\"lazy\" decoding=\"async\" width=\"150\" height=\"157\" src=\"https:\/\/lithos.insu.fr\/wp-content\/uploads\/2025\/11\/GET.gif\" alt=\"\" class=\"wp-image-176\"\/><\/figure>\n<\/div><\/div>\n<\/div>\n\n\n\n<div class=\"wp-block-columns is-layout-flex wp-container-core-columns-is-layout-9d6595d7 wp-block-columns-is-layout-flex\">\n<div class=\"wp-block-column is-layout-flow wp-block-column-is-layout-flow\"><\/div>\n\n\n\n<div class=\"wp-block-column is-layout-flow wp-block-column-is-layout-flow\">\n<p class=\"has-text-align-center\"><strong>Wafaa BOUITS<\/strong><br>Technicien<br><mark style=\"background-color:rgba(0, 0, 0, 0)\" class=\"has-inline-color has-pale-cyan-blue-color\"><em>EDYTEM <\/em><br><em>Universit\u00e9 Savoie Mont Blanc<br>Laboratoire EDYTEM \u2013 UMR5204<br>B\u00e2timent \u00ab P\u00f4le Montagne \u00bb<br>5, bd de la mer Caspienne<br>F-73376 Le Bourget du Lac cedex<\/em><\/mark><\/p>\n<\/div>\n\n\n\n<div class=\"wp-block-column is-layout-flow wp-block-column-is-layout-flow\"><div class=\"wp-block-image\">\n<figure class=\"aligncenter size-full is-resized\"><img loading=\"lazy\" decoding=\"async\" width=\"916\" height=\"1024\" src=\"https:\/\/lithos.insu.fr\/wp-content\/uploads\/2025\/12\/EDYTEM.jpg\" alt=\"\" class=\"wp-image-1814\" style=\"aspect-ratio:0.894517709962561;width:195px;height:auto\" srcset=\"https:\/\/lithos.insu.fr\/wp-content\/uploads\/2025\/12\/EDYTEM.jpg 916w, https:\/\/lithos.insu.fr\/wp-content\/uploads\/2025\/12\/EDYTEM-268x300.jpg 268w, https:\/\/lithos.insu.fr\/wp-content\/uploads\/2025\/12\/EDYTEM-768x859.jpg 768w\" sizes=\"auto, (max-width: 916px) 100vw, 916px\" \/><\/figure>\n<\/div><\/div>\n<\/div>\n\n\n\n<div class=\"wp-block-columns is-layout-flex wp-container-core-columns-is-layout-9d6595d7 wp-block-columns-is-layout-flex\">\n<div class=\"wp-block-column is-layout-flow wp-block-column-is-layout-flow\"><div class=\"wp-block-image\">\n<figure class=\"aligncenter size-full is-resized\"><img loading=\"lazy\" decoding=\"async\" width=\"225\" height=\"300\" src=\"https:\/\/lithos.insu.fr\/wp-content\/uploads\/2025\/12\/Christophe-CONSTANTIN.jpg\" alt=\"\" class=\"wp-image-1266\" style=\"width:159px;height:auto\"\/><\/figure>\n<\/div><\/div>\n\n\n\n<div class=\"wp-block-column is-layout-flow wp-block-column-is-layout-flow\">\n<p class=\"has-text-align-center\"><strong><mark style=\"background-color:rgba(0, 0, 0, 0)\" class=\"has-inline-color has-black-color\">Christophe CONSTANTIN<\/mark><\/strong><br>Technicien<br><em><mark style=\"background-color:rgba(0, 0, 0, 0)\" class=\"has-inline-color has-pale-cyan-blue-color\">Campus Universitaire des C\u00e9zeaux<br>6 Avenue Blaise Pascal<br>63170 Aubi\u00e8re<br>France<\/mark><\/em><\/p>\n<\/div>\n\n\n\n<div class=\"wp-block-column is-layout-flow wp-block-column-is-layout-flow\"><div class=\"wp-block-image\">\n<figure class=\"aligncenter size-full\"><img loading=\"lazy\" decoding=\"async\" width=\"640\" height=\"480\" src=\"https:\/\/lithos.insu.fr\/wp-content\/uploads\/2025\/12\/LMV_Clermont.png\" alt=\"\" class=\"wp-image-1267\" srcset=\"https:\/\/lithos.insu.fr\/wp-content\/uploads\/2025\/12\/LMV_Clermont.png 640w, https:\/\/lithos.insu.fr\/wp-content\/uploads\/2025\/12\/LMV_Clermont-300x225.png 300w\" sizes=\"auto, (max-width: 640px) 100vw, 640px\" \/><\/figure>\n<\/div><\/div>\n<\/div>\n\n\n\n<div class=\"wp-block-columns is-layout-flex wp-container-core-columns-is-layout-9d6595d7 wp-block-columns-is-layout-flex\">\n<div class=\"wp-block-column is-layout-flow wp-block-column-is-layout-flow\"><div class=\"wp-block-image\">\n<figure class=\"aligncenter size-full\"><img loading=\"lazy\" decoding=\"async\" width=\"150\" height=\"150\" src=\"https:\/\/lithos.insu.fr\/wp-content\/uploads\/2025\/12\/Didier-CONVERT-GAUBIER.jpg\" alt=\"\" class=\"wp-image-1836\"\/><\/figure>\n<\/div><\/div>\n\n\n\n<div class=\"wp-block-column is-layout-flow wp-block-column-is-layout-flow\">\n<p class=\"has-text-align-center\"><strong>Didier CONVERT-GAUBIER<\/strong><br>Technicien<br><em><mark style=\"background-color:rgba(0, 0, 0, 0)\" class=\"has-inline-color has-pale-cyan-blue-color\">UMR 6249 CNRS\/UFC<br>Campus de la Bouloie<br>16 rue de Gray<br>25030 Besan\u00e7on cedex<\/mark><\/em><\/p>\n<\/div>\n\n\n\n<div class=\"wp-block-column is-layout-flow wp-block-column-is-layout-flow\"><div class=\"wp-block-image\">\n<figure class=\"aligncenter size-full\"><img loading=\"lazy\" decoding=\"async\" width=\"303\" height=\"166\" src=\"https:\/\/lithos.insu.fr\/wp-content\/uploads\/2025\/12\/Chrono-Environnement_Besancon.png\" alt=\"\" class=\"wp-image-1837\" srcset=\"https:\/\/lithos.insu.fr\/wp-content\/uploads\/2025\/12\/Chrono-Environnement_Besancon.png 303w, https:\/\/lithos.insu.fr\/wp-content\/uploads\/2025\/12\/Chrono-Environnement_Besancon-300x164.png 300w\" sizes=\"auto, (max-width: 303px) 100vw, 303px\" \/><\/figure>\n<\/div><\/div>\n<\/div>\n\n\n\n<div class=\"wp-block-columns is-layout-flex wp-container-core-columns-is-layout-9d6595d7 wp-block-columns-is-layout-flex\">\n<div class=\"wp-block-column is-layout-flow wp-block-column-is-layout-flow\">\n<figure class=\"wp-block-image size-full\"><img loading=\"lazy\" decoding=\"async\" width=\"944\" height=\"643\" src=\"https:\/\/lithos.insu.fr\/wp-content\/uploads\/2025\/12\/Eric-DELAIRIS.png\" alt=\"\" class=\"wp-image-1840\" srcset=\"https:\/\/lithos.insu.fr\/wp-content\/uploads\/2025\/12\/Eric-DELAIRIS.png 944w, https:\/\/lithos.insu.fr\/wp-content\/uploads\/2025\/12\/Eric-DELAIRIS-300x204.png 300w, https:\/\/lithos.insu.fr\/wp-content\/uploads\/2025\/12\/Eric-DELAIRIS-768x523.png 768w\" sizes=\"auto, (max-width: 944px) 100vw, 944px\" \/><\/figure>\n<\/div>\n\n\n\n<div class=\"wp-block-column is-layout-flow wp-block-column-is-layout-flow\">\n<p class=\"has-text-align-center\"><strong>Eric DELAIRIS<\/strong><br>Technicien<br><mark style=\"background-color:rgba(0, 0, 0, 0)\" class=\"has-inline-color has-pale-cyan-blue-color\"><em>4 Place Jussieu <br>75252 PARIS Cedex 05<\/em><\/mark><\/p>\n<\/div>\n\n\n\n<div class=\"wp-block-column is-layout-flow wp-block-column-is-layout-flow\"><div class=\"wp-block-image\">\n<figure class=\"aligncenter size-full\"><img loading=\"lazy\" decoding=\"async\" width=\"387\" height=\"130\" src=\"https:\/\/lithos.insu.fr\/wp-content\/uploads\/2025\/12\/UPMC_Paris.png\" alt=\"\" class=\"wp-image-1839\" srcset=\"https:\/\/lithos.insu.fr\/wp-content\/uploads\/2025\/12\/UPMC_Paris.png 387w, https:\/\/lithos.insu.fr\/wp-content\/uploads\/2025\/12\/UPMC_Paris-300x101.png 300w\" sizes=\"auto, (max-width: 387px) 100vw, 387px\" \/><\/figure>\n<\/div><\/div>\n<\/div>\n\n\n\n<div class=\"wp-block-columns is-layout-flex wp-container-core-columns-is-layout-9d6595d7 wp-block-columns-is-layout-flex\">\n<div class=\"wp-block-column is-layout-flow wp-block-column-is-layout-flow\"><div class=\"wp-block-image\">\n<figure class=\"aligncenter size-full\"><img loading=\"lazy\" decoding=\"async\" width=\"140\" height=\"165\" src=\"https:\/\/lithos.insu.fr\/wp-content\/uploads\/2025\/12\/Doriane-DELMAS.jpg\" alt=\"\" class=\"wp-image-1259\"\/><\/figure>\n<\/div><\/div>\n\n\n\n<div class=\"wp-block-column is-layout-flow wp-block-column-is-layout-flow\">\n<p class=\"has-text-align-center\"><strong><mark style=\"background-color:rgba(0, 0, 0, 0)\" class=\"has-inline-color has-black-color\">Doriane DELMAS<\/mark><\/strong><br>Technicienne<br><em><mark style=\"background-color:rgba(0, 0, 0, 0)\" class=\"has-inline-color has-pale-cyan-blue-color\">G\u00e9osciences Montpellier<br>Universit\u00e9 de Montpellier<br>Campus triolet cc060<br>Place Eug\u00e8ne Bataillon<br>34095 MONTPELLIER Cedex05<br>France<\/mark><\/em><\/p>\n<\/div>\n\n\n\n<div class=\"wp-block-column is-layout-flow wp-block-column-is-layout-flow\">\n<figure class=\"wp-block-image size-full\"><img loading=\"lazy\" decoding=\"async\" width=\"300\" height=\"200\" src=\"https:\/\/lithos.insu.fr\/wp-content\/uploads\/2025\/11\/logo-gm.png\" alt=\"\" class=\"wp-image-171\"\/><\/figure>\n<\/div>\n<\/div>\n\n\n\n<div class=\"wp-block-columns is-layout-flex wp-container-core-columns-is-layout-9d6595d7 wp-block-columns-is-layout-flex\">\n<div class=\"wp-block-column is-layout-flow wp-block-column-is-layout-flow\"><div class=\"wp-block-image\">\n<figure class=\"aligncenter size-full is-resized\"><img loading=\"lazy\" decoding=\"async\" width=\"796\" height=\"1000\" src=\"https:\/\/lithos.insu.fr\/wp-content\/uploads\/2025\/12\/Mohamed-Sofiane-DJERAD.jpg\" alt=\"\" class=\"wp-image-1843\" style=\"aspect-ratio:0.7960199610810232;width:142px;height:auto\" srcset=\"https:\/\/lithos.insu.fr\/wp-content\/uploads\/2025\/12\/Mohamed-Sofiane-DJERAD.jpg 796w, https:\/\/lithos.insu.fr\/wp-content\/uploads\/2025\/12\/Mohamed-Sofiane-DJERAD-239x300.jpg 239w, https:\/\/lithos.insu.fr\/wp-content\/uploads\/2025\/12\/Mohamed-Sofiane-DJERAD-768x965.jpg 768w\" sizes=\"auto, (max-width: 796px) 100vw, 796px\" \/><\/figure>\n<\/div><\/div>\n\n\n\n<div class=\"wp-block-column is-layout-flow wp-block-column-is-layout-flow\">\n<p class=\"has-text-align-center\"><strong>Mohamed-Sofiane DJERAD<\/strong><br>Assistant-Ing\u00e9nieur<br><em><mark style=\"background-color:rgba(0, 0, 0, 0)\" class=\"has-inline-color has-pale-cyan-blue-color\">Institut Ausonius<br>Maison de l&#8217;arch\u00e9ologie<br>8, esplanade des Antilles<br>33607 Pessac<\/mark><\/em><\/p>\n<\/div>\n\n\n\n<div class=\"wp-block-column is-layout-flow wp-block-column-is-layout-flow\"><div class=\"wp-block-image\">\n<figure class=\"aligncenter size-full is-resized\"><img loading=\"lazy\" decoding=\"async\" width=\"170\" height=\"64\" src=\"https:\/\/lithos.insu.fr\/wp-content\/uploads\/2025\/12\/bordeaux_montaigne.png\" alt=\"\" class=\"wp-image-1844\" style=\"width:261px;height:auto\"\/><\/figure>\n<\/div><\/div>\n<\/div>\n\n\n\n<div class=\"wp-block-columns is-layout-flex wp-container-core-columns-is-layout-9d6595d7 wp-block-columns-is-layout-flex\">\n<div class=\"wp-block-column is-layout-flow wp-block-column-is-layout-flow\"><\/div>\n\n\n\n<div class=\"wp-block-column is-vertically-aligned-center is-layout-flow wp-block-column-is-layout-flow\">\n<p class=\"has-text-align-center\"><strong>Bertrand FASENTIEUX<\/strong><br>Assistant Ing\u00e9nieur<br><em><mark style=\"background-color:rgba(0, 0, 0, 0)\" class=\"has-inline-color has-pale-cyan-blue-color\">Universit\u00e9 de Pau et des Pays de l&#8217;Adour (UPPA)<br>Avenue de l&#8217;Universit\u00e9<br>BP 576 &#8211; 64012 Pau Cedex<\/mark><\/em><\/p>\n<\/div>\n\n\n\n<div class=\"wp-block-column is-layout-flow wp-block-column-is-layout-flow\"><div class=\"wp-block-image\">\n<figure class=\"aligncenter size-full\"><img loading=\"lazy\" decoding=\"async\" width=\"850\" height=\"382\" src=\"https:\/\/lithos.insu.fr\/wp-content\/uploads\/2025\/12\/Univ-Pau.png\" alt=\"\" class=\"wp-image-1847\" srcset=\"https:\/\/lithos.insu.fr\/wp-content\/uploads\/2025\/12\/Univ-Pau.png 850w, https:\/\/lithos.insu.fr\/wp-content\/uploads\/2025\/12\/Univ-Pau-300x135.png 300w, https:\/\/lithos.insu.fr\/wp-content\/uploads\/2025\/12\/Univ-Pau-768x345.png 768w\" sizes=\"auto, (max-width: 850px) 100vw, 850px\" \/><\/figure>\n<\/div><\/div>\n<\/div>\n\n\n\n<div class=\"wp-block-columns is-layout-flex wp-container-core-columns-is-layout-9d6595d7 wp-block-columns-is-layout-flex\">\n<div class=\"wp-block-column is-layout-flow wp-block-column-is-layout-flow\"><\/div>\n\n\n\n<div class=\"wp-block-column is-layout-flow wp-block-column-is-layout-flow\">\n<p class=\"has-text-align-center\"><strong>Alexandre FLAMMANG<\/strong><br>Technicien<br><em><mark style=\"background-color:rgba(0, 0, 0, 0)\" class=\"has-inline-color has-pale-cyan-blue-color\">Facult\u00e9 des Sciences et Technologies<br>Laboratoire de Lithopr\u00e9paration<br>Campus Aiguillettes<br>BP 70239<br>54506 VANDOEUVRE LES NANCY CEDEX<\/mark><\/em><\/p>\n<\/div>\n\n\n\n<div class=\"wp-block-column is-layout-flow wp-block-column-is-layout-flow\"><div class=\"wp-block-image\">\n<figure class=\"aligncenter size-large\"><img loading=\"lazy\" decoding=\"async\" width=\"1024\" height=\"356\" src=\"https:\/\/lithos.insu.fr\/wp-content\/uploads\/2025\/12\/Logo_Universite_de_Lorraine.svg_-1024x356.png\" alt=\"\" class=\"wp-image-1850\" srcset=\"https:\/\/lithos.insu.fr\/wp-content\/uploads\/2025\/12\/Logo_Universite_de_Lorraine.svg_-1024x356.png 1024w, https:\/\/lithos.insu.fr\/wp-content\/uploads\/2025\/12\/Logo_Universite_de_Lorraine.svg_-300x104.png 300w, https:\/\/lithos.insu.fr\/wp-content\/uploads\/2025\/12\/Logo_Universite_de_Lorraine.svg_-768x267.png 768w, https:\/\/lithos.insu.fr\/wp-content\/uploads\/2025\/12\/Logo_Universite_de_Lorraine.svg_-1536x533.png 1536w, https:\/\/lithos.insu.fr\/wp-content\/uploads\/2025\/12\/Logo_Universite_de_Lorraine.svg_-2048x711.png 2048w\" sizes=\"auto, (max-width: 1024px) 100vw, 1024px\" \/><\/figure>\n<\/div><\/div>\n<\/div>\n\n\n\n<div class=\"wp-block-columns is-layout-flex wp-container-core-columns-is-layout-9d6595d7 wp-block-columns-is-layout-flex\">\n<div class=\"wp-block-column is-layout-flow wp-block-column-is-layout-flow\"><\/div>\n\n\n\n<div class=\"wp-block-column is-vertically-aligned-center is-layout-flow wp-block-column-is-layout-flow\">\n<p class=\"has-text-align-center\"><strong>Hayat LAMROUS<\/strong><br>Technicienne<br><em><mark style=\"background-color:rgba(0, 0, 0, 0)\" class=\"has-inline-color has-pale-cyan-blue-color\">CR2P<br>43 rue Buffon<\/mark><\/em><br><em><mark style=\"background-color:rgba(0, 0, 0, 0)\" class=\"has-inline-color has-pale-cyan-blue-color\">CP 48<\/mark><\/em><br><em><mark style=\"background-color:rgba(0, 0, 0, 0)\" class=\"has-inline-color has-pale-cyan-blue-color\">75005 Paris<\/mark><\/em><\/p>\n<\/div>\n\n\n\n<div class=\"wp-block-column is-layout-flow wp-block-column-is-layout-flow\"><div class=\"wp-block-image\">\n<figure class=\"aligncenter size-full\"><img loading=\"lazy\" decoding=\"async\" width=\"550\" height=\"310\" src=\"https:\/\/lithos.insu.fr\/wp-content\/uploads\/2026\/02\/CR2P.png\" alt=\"\" class=\"wp-image-2089\" srcset=\"https:\/\/lithos.insu.fr\/wp-content\/uploads\/2026\/02\/CR2P.png 550w, https:\/\/lithos.insu.fr\/wp-content\/uploads\/2026\/02\/CR2P-300x169.png 300w\" sizes=\"auto, (max-width: 550px) 100vw, 550px\" \/><\/figure>\n<\/div><\/div>\n<\/div>\n\n\n\n<div class=\"wp-block-columns is-layout-flex wp-container-core-columns-is-layout-9d6595d7 wp-block-columns-is-layout-flex\">\n<div class=\"wp-block-column is-layout-flow wp-block-column-is-layout-flow\"><div class=\"wp-block-image\">\n<figure class=\"aligncenter size-large is-resized\"><img loading=\"lazy\" decoding=\"async\" width=\"683\" height=\"1024\" src=\"https:\/\/lithos.insu.fr\/wp-content\/uploads\/2026\/01\/Lucie-Masson-683x1024.jpg\" alt=\"\" class=\"wp-image-1860\" style=\"aspect-ratio:0.6669786056584097;width:126px;height:auto\" srcset=\"https:\/\/lithos.insu.fr\/wp-content\/uploads\/2026\/01\/Lucie-Masson-683x1024.jpg 683w, https:\/\/lithos.insu.fr\/wp-content\/uploads\/2026\/01\/Lucie-Masson-200x300.jpg 200w, https:\/\/lithos.insu.fr\/wp-content\/uploads\/2026\/01\/Lucie-Masson-768x1151.jpg 768w, https:\/\/lithos.insu.fr\/wp-content\/uploads\/2026\/01\/Lucie-Masson-1025x1536.jpg 1025w, https:\/\/lithos.insu.fr\/wp-content\/uploads\/2026\/01\/Lucie-Masson-1366x2048.jpg 1366w, https:\/\/lithos.insu.fr\/wp-content\/uploads\/2026\/01\/Lucie-Masson-scaled.jpg 1708w\" sizes=\"auto, (max-width: 683px) 100vw, 683px\" \/><\/figure>\n<\/div><\/div>\n\n\n\n<div class=\"wp-block-column is-layout-flow wp-block-column-is-layout-flow\">\n<p class=\"has-text-align-center\"><strong>Lucie MASSON<\/strong><br>Technicienne de Recherche et d&#8217;Enseignement<br><em><mark style=\"background-color:rgba(0, 0, 0, 0)\" class=\"has-inline-color has-pale-cyan-blue-color\">UFR SVTE<\/mark><\/em><br><em><mark style=\"background-color:rgba(0, 0, 0, 0)\" class=\"has-inline-color has-pale-cyan-blue-color\">Universit\u00e9 de Bourgogne<\/mark><\/em><br><em><mark style=\"background-color:rgba(0, 0, 0, 0)\" class=\"has-inline-color has-pale-cyan-blue-color\">Biog\u00e9osciences<br>6 boulevard Gabriel, 21000 Dijon<\/mark><\/em><\/p>\n<\/div>\n\n\n\n<div class=\"wp-block-column is-layout-flow wp-block-column-is-layout-flow\"><div class=\"wp-block-image\">\n<figure class=\"aligncenter size-full is-resized\"><img loading=\"lazy\" decoding=\"async\" width=\"200\" height=\"200\" src=\"https:\/\/lithos.insu.fr\/wp-content\/uploads\/2026\/01\/biogeosciences.jpg\" alt=\"\" class=\"wp-image-1862\" style=\"width:182px;height:auto\" srcset=\"https:\/\/lithos.insu.fr\/wp-content\/uploads\/2026\/01\/biogeosciences.jpg 200w, https:\/\/lithos.insu.fr\/wp-content\/uploads\/2026\/01\/biogeosciences-150x150.jpg 150w\" sizes=\"auto, (max-width: 200px) 100vw, 200px\" \/><\/figure>\n<\/div><\/div>\n<\/div>\n\n\n\n<div class=\"wp-block-columns is-layout-flex wp-container-core-columns-is-layout-9d6595d7 wp-block-columns-is-layout-flex\">\n<div class=\"wp-block-column is-layout-flow wp-block-column-is-layout-flow\"><div class=\"wp-block-image\">\n<figure class=\"aligncenter size-full is-resized\"><img decoding=\"async\" src=\"https:\/\/lithos.insu.fr\/wp-content\/uploads\/2026\/01\/Photo-Philippe-Turpaud.jpg\" alt=\"\" class=\"wp-image-1870\" style=\"aspect-ratio:0.6659871242882829;width:163px;height:auto\"\/><\/figure>\n<\/div><\/div>\n\n\n\n<div class=\"wp-block-column is-layout-flow wp-block-column-is-layout-flow\">\n<p class=\"has-text-align-center\"><strong>Philippe TURPAUD<\/strong><br>Technicien<br><mark style=\"background-color:rgba(0, 0, 0, 0)\" class=\"has-inline-color has-pale-cyan-blue-color\"><em>Dipartimento di Matematica,<br>Informatica e Geoscienze<br>Via Weiss,8<br>34128 Tieste<br>Italia<\/em><\/mark><\/p>\n<\/div>\n\n\n\n<div class=\"wp-block-column is-layout-flow wp-block-column-is-layout-flow\"><div class=\"wp-block-image\">\n<figure class=\"aligncenter size-full\"><img loading=\"lazy\" decoding=\"async\" width=\"1000\" height=\"350\" src=\"https:\/\/lithos.insu.fr\/wp-content\/uploads\/2026\/01\/Universita-Trieste.png\" alt=\"\" class=\"wp-image-1872\" srcset=\"https:\/\/lithos.insu.fr\/wp-content\/uploads\/2026\/01\/Universita-Trieste.png 1000w, https:\/\/lithos.insu.fr\/wp-content\/uploads\/2026\/01\/Universita-Trieste-300x105.png 300w, https:\/\/lithos.insu.fr\/wp-content\/uploads\/2026\/01\/Universita-Trieste-768x269.png 768w\" sizes=\"auto, (max-width: 1000px) 100vw, 1000px\" \/><\/figure>\n<\/div><\/div>\n<\/div>\n","protected":false},"excerpt":{"rendered":"<p>Jean-Paul BAKYONOG\u00e9osciences Environnement Tours20 Avenue MongeParc Grandmont37200 TOURS CEDEXFrance Fabienne BARRERE DE PARSEVALAssistante Ing\u00e9nieureG\u00e9osciences Environnement Toulouse GET &#8211; UMR 5563Observatoire Midi-Pyr\u00e9n\u00e9es14 Avenue Edouard Belin31400 ToulouseFrance Wafaa BOUITSTechnicienEDYTEM Universit\u00e9 Savoie Mont BlancLaboratoire EDYTEM \u2013 UMR5204B\u00e2timent \u00ab P\u00f4le Montagne \u00bb5, bd de la mer CaspienneF-73376 Le Bourget du Lac cedex Christophe CONSTANTINTechnicienCampus Universitaire des C\u00e9zeaux6 Avenue Blaise [&hellip;]<\/p>\n","protected":false},"author":2,"featured_media":0,"parent":0,"menu_order":0,"comment_status":"closed","ping_status":"closed","template":"","meta":{"ocean_post_layout":"","ocean_both_sidebars_style":"","ocean_both_sidebars_content_width":0,"ocean_both_sidebars_sidebars_width":0,"ocean_sidebar":"","ocean_second_sidebar":"","ocean_disable_margins":"enable","ocean_add_body_class":"","ocean_shortcode_before_top_bar":"","ocean_shortcode_after_top_bar":"","ocean_shortcode_before_header":"","ocean_shortcode_after_header":"","ocean_has_shortcode":"","ocean_shortcode_after_title":"","ocean_shortcode_before_footer_widgets":"","ocean_shortcode_after_footer_widgets":"","ocean_shortcode_before_footer_bottom":"","ocean_shortcode_after_footer_bottom":"","ocean_display_top_bar":"default","ocean_display_header":"default","ocean_header_style":"","ocean_center_header_left_menu":"","ocean_custom_header_template":"","ocean_custom_logo":0,"ocean_custom_retina_logo":0,"ocean_custom_logo_max_width":0,"ocean_custom_logo_tablet_max_width":0,"ocean_custom_logo_mobile_max_width":0,"ocean_custom_logo_max_height":0,"ocean_custom_logo_tablet_max_height":0,"ocean_custom_logo_mobile_max_height":0,"ocean_header_custom_menu":"","ocean_menu_typo_font_family":"","ocean_menu_typo_font_subset":"","ocean_menu_typo_font_size":0,"ocean_menu_typo_font_size_tablet":0,"ocean_menu_typo_font_size_mobile":0,"ocean_menu_typo_font_size_unit":"px","ocean_menu_typo_font_weight":"","ocean_menu_typo_font_weight_tablet":"","ocean_menu_typo_font_weight_mobile":"","ocean_menu_typo_transform":"","ocean_menu_typo_transform_tablet":"","ocean_menu_typo_transform_mobile":"","ocean_menu_typo_line_height":0,"ocean_menu_typo_line_height_tablet":0,"ocean_menu_typo_line_height_mobile":0,"ocean_menu_typo_line_height_unit":"","ocean_menu_typo_spacing":0,"ocean_menu_typo_spacing_tablet":0,"ocean_menu_typo_spacing_mobile":0,"ocean_menu_typo_spacing_unit":"","ocean_menu_link_color":"","ocean_menu_link_color_hover":"","ocean_menu_link_color_active":"","ocean_menu_link_background":"","ocean_menu_link_hover_background":"","ocean_menu_link_active_background":"","ocean_menu_social_links_bg":"","ocean_menu_social_hover_links_bg":"","ocean_menu_social_links_color":"","ocean_menu_social_hover_links_color":"","ocean_disable_title":"default","ocean_disable_heading":"default","ocean_post_title":"","ocean_post_subheading":"","ocean_post_title_style":"","ocean_post_title_background_color":"","ocean_post_title_background":0,"ocean_post_title_bg_image_position":"","ocean_post_title_bg_image_attachment":"","ocean_post_title_bg_image_repeat":"","ocean_post_title_bg_image_size":"","ocean_post_title_height":0,"ocean_post_title_bg_overlay":0.5,"ocean_post_title_bg_overlay_color":"","ocean_disable_breadcrumbs":"default","ocean_breadcrumbs_color":"","ocean_breadcrumbs_separator_color":"","ocean_breadcrumbs_links_color":"","ocean_breadcrumbs_links_hover_color":"","ocean_display_footer_widgets":"default","ocean_display_footer_bottom":"default","ocean_custom_footer_template":"","footnotes":""},"class_list":["post-1256","page","type-page","status-publish","hentry","entry"],"_links":{"self":[{"href":"https:\/\/lithos.insu.fr\/index.php?rest_route=\/wp\/v2\/pages\/1256","targetHints":{"allow":["GET"]}}],"collection":[{"href":"https:\/\/lithos.insu.fr\/index.php?rest_route=\/wp\/v2\/pages"}],"about":[{"href":"https:\/\/lithos.insu.fr\/index.php?rest_route=\/wp\/v2\/types\/page"}],"author":[{"embeddable":true,"href":"https:\/\/lithos.insu.fr\/index.php?rest_route=\/wp\/v2\/users\/2"}],"replies":[{"embeddable":true,"href":"https:\/\/lithos.insu.fr\/index.php?rest_route=%2Fwp%2Fv2%2Fcomments&post=1256"}],"version-history":[{"count":13,"href":"https:\/\/lithos.insu.fr\/index.php?rest_route=\/wp\/v2\/pages\/1256\/revisions"}],"predecessor-version":[{"id":2090,"href":"https:\/\/lithos.insu.fr\/index.php?rest_route=\/wp\/v2\/pages\/1256\/revisions\/2090"}],"wp:attachment":[{"href":"https:\/\/lithos.insu.fr\/index.php?rest_route=%2Fwp%2Fv2%2Fmedia&parent=1256"}],"curies":[{"name":"wp","href":"https:\/\/api.w.org\/{rel}","templated":true}]}}