{"id":133,"date":"2025-11-03T22:14:10","date_gmt":"2025-11-03T21:14:10","guid":{"rendered":"https:\/\/lithos.insu.fr\/?page_id=133"},"modified":"2025-11-27T15:58:47","modified_gmt":"2025-11-27T14:58:47","slug":"dans-loeil-du-litho","status":"publish","type":"page","link":"https:\/\/lithos.insu.fr\/?page_id=133","title":{"rendered":"Dans l\u2019\u0153il du litho"},"content":{"rendered":"\n<p>Chaque ann\u00e9e, Fabienne nous \u00e9crit une newsletter des lithos nomm\u00e9e : &#8220;Dans l\u2019\u0153il du litho&#8221;.<br>Vous pourrez trouver toutes les newsletters avec des liens allant vers les articles ad\u00e9quats.<br>En tout cas, merci \u00e0 toi Fabienne pour prendre le temps afin de collecter les infos de l&#8217;ann\u00e9e des lithos, et de les mettre dans cette newsletter &#8220;Dans l\u2019\u0153il du litho&#8221;.<br><\/p>\n\n\n\n<p><a href=\"https:\/\/lithos.insu.fr\/?p=916\" data-type=\"page\" data-id=\"133\">Newsletter 01 &#8211; F\u00e9vrier 2020<\/a><\/p>\n\n\n\n<p><a href=\"https:\/\/lithos.insu.fr\/?p=923\">Newsletter 02 &#8211; Janvier 2021<\/a><\/p>\n\n\n\n<p><a href=\"https:\/\/lithos.insu.fr\/?p=928\">Newsletter 03 &#8211; 2022<\/a><\/p>\n\n\n\n<p><a href=\"https:\/\/lithos.insu.fr\/?p=936\">Newsletter 04 &#8211; F\u00e9vrier 2023<\/a><\/p>\n\n\n\n<p><a href=\"https:\/\/lithos.insu.fr\/?p=987\">Newsletter 05 &#8211; Janvier 2024<\/a><\/p>\n\n\n\n<p><a href=\"https:\/\/lithos.insu.fr\/?p=968\">Newsletter 06 &#8211; D\u00e9cembre 2024<\/a><\/p>\n\n\n\n<p><a href=\"https:\/\/lithos.insu.fr\/?p=945\">Newsletter 07 &#8211; Novembre 2025<\/a><\/p>\n\n\n\n<p><\/p>\n","protected":false},"excerpt":{"rendered":"<p>Chaque ann\u00e9e, Fabienne nous \u00e9crit une newsletter des lithos nomm\u00e9e : &#8220;Dans l\u2019\u0153il du litho&#8221;.Vous pourrez trouver toutes les newsletters avec des liens allant vers les articles ad\u00e9quats.En tout cas, merci \u00e0 toi Fabienne pour prendre le temps afin de collecter les infos de l&#8217;ann\u00e9e des lithos, et de les mettre dans cette newsletter &#8220;Dans [&hellip;]<\/p>\n","protected":false},"author":2,"featured_media":0,"parent":0,"menu_order":0,"comment_status":"closed","ping_status":"closed","template":"","meta":{"ocean_post_layout":"","ocean_both_sidebars_style":"","ocean_both_sidebars_content_width":0,"ocean_both_sidebars_sidebars_width":0,"ocean_sidebar":"","ocean_second_sidebar":"","ocean_disable_margins":"enable","ocean_add_body_class":"","ocean_shortcode_before_top_bar":"","ocean_shortcode_after_top_bar":"","ocean_shortcode_before_header":"","ocean_shortcode_after_header":"","ocean_has_shortcode":"","ocean_shortcode_after_title":"","ocean_shortcode_before_footer_widgets":"","ocean_shortcode_after_footer_widgets":"","ocean_shortcode_before_footer_bottom":"","ocean_shortcode_after_footer_bottom":"","ocean_display_top_bar":"default","ocean_display_header":"default","ocean_header_style":"","ocean_center_header_left_menu":"","ocean_custom_header_template":"","ocean_custom_logo":0,"ocean_custom_retina_logo":0,"ocean_custom_logo_max_width":0,"ocean_custom_logo_tablet_max_width":0,"ocean_custom_logo_mobile_max_width":0,"ocean_custom_logo_max_height":0,"ocean_custom_logo_tablet_max_height":0,"ocean_custom_logo_mobile_max_height":0,"ocean_header_custom_menu":"","ocean_menu_typo_font_family":"","ocean_menu_typo_font_subset":"","ocean_menu_typo_font_size":0,"ocean_menu_typo_font_size_tablet":0,"ocean_menu_typo_font_size_mobile":0,"ocean_menu_typo_font_size_unit":"px","ocean_menu_typo_font_weight":"","ocean_menu_typo_font_weight_tablet":"","ocean_menu_typo_font_weight_mobile":"","ocean_menu_typo_transform":"","ocean_menu_typo_transform_tablet":"","ocean_menu_typo_transform_mobile":"","ocean_menu_typo_line_height":0,"ocean_menu_typo_line_height_tablet":0,"ocean_menu_typo_line_height_mobile":0,"ocean_menu_typo_line_height_unit":"","ocean_menu_typo_spacing":0,"ocean_menu_typo_spacing_tablet":0,"ocean_menu_typo_spacing_mobile":0,"ocean_menu_typo_spacing_unit":"","ocean_menu_link_color":"","ocean_menu_link_color_hover":"","ocean_menu_link_color_active":"","ocean_menu_link_background":"","ocean_menu_link_hover_background":"","ocean_menu_link_active_background":"","ocean_menu_social_links_bg":"","ocean_menu_social_hover_links_bg":"","ocean_menu_social_links_color":"","ocean_menu_social_hover_links_color":"","ocean_disable_title":"default","ocean_disable_heading":"default","ocean_post_title":"","ocean_post_subheading":"","ocean_post_title_style":"","ocean_post_title_background_color":"","ocean_post_title_background":0,"ocean_post_title_bg_image_position":"","ocean_post_title_bg_image_attachment":"","ocean_post_title_bg_image_repeat":"","ocean_post_title_bg_image_size":"","ocean_post_title_height":0,"ocean_post_title_bg_overlay":0.5,"ocean_post_title_bg_overlay_color":"","ocean_disable_breadcrumbs":"default","ocean_breadcrumbs_color":"","ocean_breadcrumbs_separator_color":"","ocean_breadcrumbs_links_color":"","ocean_breadcrumbs_links_hover_color":"","ocean_display_footer_widgets":"default","ocean_display_footer_bottom":"default","ocean_custom_footer_template":"","footnotes":""},"class_list":["post-133","page","type-page","status-publish","hentry","entry"],"_links":{"self":[{"href":"https:\/\/lithos.insu.fr\/index.php?rest_route=\/wp\/v2\/pages\/133","targetHints":{"allow":["GET"]}}],"collection":[{"href":"https:\/\/lithos.insu.fr\/index.php?rest_route=\/wp\/v2\/pages"}],"about":[{"href":"https:\/\/lithos.insu.fr\/index.php?rest_route=\/wp\/v2\/types\/page"}],"author":[{"embeddable":true,"href":"https:\/\/lithos.insu.fr\/index.php?rest_route=\/wp\/v2\/users\/2"}],"replies":[{"embeddable":true,"href":"https:\/\/lithos.insu.fr\/index.php?rest_route=%2Fwp%2Fv2%2Fcomments&post=133"}],"version-history":[{"count":9,"href":"https:\/\/lithos.insu.fr\/index.php?rest_route=\/wp\/v2\/pages\/133\/revisions"}],"predecessor-version":[{"id":1138,"href":"https:\/\/lithos.insu.fr\/index.php?rest_route=\/wp\/v2\/pages\/133\/revisions\/1138"}],"wp:attachment":[{"href":"https:\/\/lithos.insu.fr\/index.php?rest_route=%2Fwp%2Fv2%2Fmedia&parent=133"}],"curies":[{"name":"wp","href":"https:\/\/api.w.org\/{rel}","templated":true}]}}