{"id":2036,"date":"2026-02-12T11:13:43","date_gmt":"2026-02-12T10:13:43","guid":{"rendered":"https:\/\/lithos.insu.fr\/?page_id=2036"},"modified":"2026-02-12T15:20:36","modified_gmt":"2026-02-12T14:20:36","slug":"accueil","status":"publish","type":"page","link":"https:\/\/lithos.insu.fr\/","title":{"rendered":""},"content":{"rendered":"\n<div class=\"wp-block-cover is-light\"><img loading=\"lazy\" decoding=\"async\" width=\"1024\" height=\"768\" class=\"wp-block-cover__image-background wp-image-1794 size-large\" alt=\"\" src=\"https:\/\/lithos.insu.fr\/wp-content\/uploads\/2025\/11\/IMG_0565-1024x768.jpg\" data-object-fit=\"cover\" srcset=\"https:\/\/lithos.insu.fr\/wp-content\/uploads\/2025\/11\/IMG_0565-1024x768.jpg 1024w, https:\/\/lithos.insu.fr\/wp-content\/uploads\/2025\/11\/IMG_0565-300x225.jpg 300w, https:\/\/lithos.insu.fr\/wp-content\/uploads\/2025\/11\/IMG_0565-768x576.jpg 768w, https:\/\/lithos.insu.fr\/wp-content\/uploads\/2025\/11\/IMG_0565-1536x1152.jpg 1536w, https:\/\/lithos.insu.fr\/wp-content\/uploads\/2025\/11\/IMG_0565-2048x1536.jpg 2048w\" sizes=\"auto, (max-width: 1024px) 100vw, 1024px\" \/><span aria-hidden=\"true\" class=\"wp-block-cover__background has-background-dim\" style=\"background-color:#97a2ae\"><\/span><div class=\"wp-block-cover__inner-container is-layout-constrained wp-block-cover-is-layout-constrained\">\n<p class=\"has-text-align-center has-text-color has-link-color has-x-large-font-size wp-elements-d2c3c2620ac10f6ff5381bec19922fa5\" style=\"color:#fcb900b0;font-style:italic;font-weight:300\">Bienvenue sur le site du <\/p>\n\n\n\n<p class=\"has-text-align-center has-text-color has-link-color has-x-large-font-size wp-elements-01e0013f42b177dd13f5ee3377709e04\" style=\"color:#fcb900b0;font-style:italic;font-weight:300\">R\u00e9seau des Lithopr\u00e9parateurs de France<\/p>\n\n\n<div class=\"wp-block-image\">\n<figure class=\"aligncenter size-full is-resized\"><img loading=\"lazy\" decoding=\"async\" width=\"600\" height=\"600\" src=\"https:\/\/lithos.insu.fr\/wp-content\/uploads\/2025\/10\/Logo-RLF.png\" alt=\"\" class=\"wp-image-10\" style=\"width:297px;height:auto\" srcset=\"https:\/\/lithos.insu.fr\/wp-content\/uploads\/2025\/10\/Logo-RLF.png 600w, https:\/\/lithos.insu.fr\/wp-content\/uploads\/2025\/10\/Logo-RLF-300x300.png 300w, https:\/\/lithos.insu.fr\/wp-content\/uploads\/2025\/10\/Logo-RLF-150x150.png 150w\" sizes=\"auto, (max-width: 600px) 100vw, 600px\" \/><\/figure>\n<\/div>\n\n\n<p class=\"has-text-align-center has-text-color has-link-color wp-elements-0434dad340daee20748bba729d7d46ca\" style=\"color:#cf2d2dcc\">Pr\u00e9server, r\u00e9v\u00e9ler et transmettre les savoir-faire de la lithopr\u00e9paration<\/p>\n<\/div><\/div>\n\n\n\n<div class=\"wp-block-cover\"><img loading=\"lazy\" decoding=\"async\" width=\"956\" height=\"567\" class=\"wp-block-cover__image-background wp-image-1775 size-full\" alt=\"\" src=\"https:\/\/lithos.insu.fr\/wp-content\/uploads\/2025\/11\/Batoa.jpg\" data-object-fit=\"cover\" srcset=\"https:\/\/lithos.insu.fr\/wp-content\/uploads\/2025\/11\/Batoa.jpg 956w, https:\/\/lithos.insu.fr\/wp-content\/uploads\/2025\/11\/Batoa-300x178.jpg 300w, https:\/\/lithos.insu.fr\/wp-content\/uploads\/2025\/11\/Batoa-768x455.jpg 768w\" sizes=\"auto, (max-width: 956px) 100vw, 956px\" \/><span aria-hidden=\"true\" class=\"wp-block-cover__background has-background-dim\" style=\"background-color:#896f71\"><\/span><div class=\"wp-block-cover__inner-container is-layout-constrained wp-block-cover-is-layout-constrained\">\n<p class=\"has-text-align-center has-large-font-size\"><mark style=\"background-color:rgba(0, 0, 0, 0)\" class=\"has-inline-color has-vivid-green-cyan-color\">Qui sommes-nous ?<\/mark><\/p>\n\n\n\n<div class=\"wp-block-columns is-layout-flex wp-container-core-columns-is-layout-9d6595d7 wp-block-columns-is-layout-flex\">\n<div class=\"wp-block-column is-layout-flow wp-block-column-is-layout-flow\">\n<p><a href=\"https:\/\/lithos.insu.fr\/?p=2068\" data-type=\"post\" data-id=\"2068\"><mark style=\"background-color:rgba(0, 0, 0, 0)\" class=\"has-inline-color has-vivid-green-cyan-color\">ANF et Lithos<\/mark><\/a><\/p>\n\n\n\n<p><a href=\"https:\/\/lithos.insu.fr\/?p=2074\" data-type=\"post\" data-id=\"2074\"><mark style=\"background-color:rgba(0, 0, 0, 0)\" class=\"has-inline-color has-vivid-green-cyan-color\">CoPil du R\u00e9seau<\/mark><\/a><\/p>\n<\/div>\n\n\n\n<div class=\"wp-block-column is-layout-flow wp-block-column-is-layout-flow\"><\/div>\n<\/div>\n<\/div><\/div>\n\n\n\n<hr class=\"wp-block-separator has-alpha-channel-opacity\"\/>\n\n\n\n<h2 class=\"wp-block-heading\">Derniers Articles post\u00e9s<\/h2>\n\n\n<ul class=\"wp-block-latest-posts__list is-grid columns-3 wp-block-latest-posts\"><li><a class=\"wp-block-latest-posts__post-title\" href=\"https:\/\/lithos.insu.fr\/?p=2074\">CoPil du R\u00e9seau<\/a><\/li>\n<li><a class=\"wp-block-latest-posts__post-title\" href=\"https:\/\/lithos.insu.fr\/?p=2068\">ANF et Lithos<\/a><\/li>\n<li><a class=\"wp-block-latest-posts__post-title\" href=\"https:\/\/lithos.insu.fr\/?p=1954\">Histoire de la Lame Mince<\/a><\/li>\n<li><a class=\"wp-block-latest-posts__post-title\" href=\"https:\/\/lithos.insu.fr\/?p=1875\">Histoire de la microscopie optique<\/a><\/li>\n<li><a class=\"wp-block-latest-posts__post-title\" href=\"https:\/\/lithos.insu.fr\/?p=1833\">2026 &#8211; Clermont-Ferrand<\/a><\/li>\n<\/ul>\n\n\n<p><\/p>\n","protected":false},"excerpt":{"rendered":"<p>Derniers Articles post\u00e9s<\/p>\n","protected":false},"author":2,"featured_media":0,"parent":0,"menu_order":0,"comment_status":"closed","ping_status":"closed","template":"","meta":{"ocean_post_layout":"","ocean_both_sidebars_style":"","ocean_both_sidebars_content_width":0,"ocean_both_sidebars_sidebars_width":0,"ocean_sidebar":"","ocean_second_sidebar":"","ocean_disable_margins":"enable","ocean_add_body_class":"","ocean_shortcode_before_top_bar":"","ocean_shortcode_after_top_bar":"","ocean_shortcode_before_header":"","ocean_shortcode_after_header":"","ocean_has_shortcode":"","ocean_shortcode_after_title":"","ocean_shortcode_before_footer_widgets":"","ocean_shortcode_after_footer_widgets":"","ocean_shortcode_before_footer_bottom":"","ocean_shortcode_after_footer_bottom":"","ocean_display_top_bar":"default","ocean_display_header":"default","ocean_header_style":"","ocean_center_header_left_menu":"","ocean_custom_header_template":"","ocean_custom_logo":0,"ocean_custom_retina_logo":0,"ocean_custom_logo_max_width":0,"ocean_custom_logo_tablet_max_width":0,"ocean_custom_logo_mobile_max_width":0,"ocean_custom_logo_max_height":0,"ocean_custom_logo_tablet_max_height":0,"ocean_custom_logo_mobile_max_height":0,"ocean_header_custom_menu":"","ocean_menu_typo_font_family":"","ocean_menu_typo_font_subset":"","ocean_menu_typo_font_size":0,"ocean_menu_typo_font_size_tablet":0,"ocean_menu_typo_font_size_mobile":0,"ocean_menu_typo_font_size_unit":"px","ocean_menu_typo_font_weight":"","ocean_menu_typo_font_weight_tablet":"","ocean_menu_typo_font_weight_mobile":"","ocean_menu_typo_transform":"","ocean_menu_typo_transform_tablet":"","ocean_menu_typo_transform_mobile":"","ocean_menu_typo_line_height":0,"ocean_menu_typo_line_height_tablet":0,"ocean_menu_typo_line_height_mobile":0,"ocean_menu_typo_line_height_unit":"","ocean_menu_typo_spacing":0,"ocean_menu_typo_spacing_tablet":0,"ocean_menu_typo_spacing_mobile":0,"ocean_menu_typo_spacing_unit":"","ocean_menu_link_color":"","ocean_menu_link_color_hover":"","ocean_menu_link_color_active":"","ocean_menu_link_background":"","ocean_menu_link_hover_background":"","ocean_menu_link_active_background":"","ocean_menu_social_links_bg":"","ocean_menu_social_hover_links_bg":"","ocean_menu_social_links_color":"","ocean_menu_social_hover_links_color":"","ocean_disable_title":"default","ocean_disable_heading":"default","ocean_post_title":"","ocean_post_subheading":"","ocean_post_title_style":"","ocean_post_title_background_color":"","ocean_post_title_background":0,"ocean_post_title_bg_image_position":"","ocean_post_title_bg_image_attachment":"","ocean_post_title_bg_image_repeat":"","ocean_post_title_bg_image_size":"","ocean_post_title_height":0,"ocean_post_title_bg_overlay":0.5,"ocean_post_title_bg_overlay_color":"","ocean_disable_breadcrumbs":"default","ocean_breadcrumbs_color":"","ocean_breadcrumbs_separator_color":"","ocean_breadcrumbs_links_color":"","ocean_breadcrumbs_links_hover_color":"","ocean_display_footer_widgets":"default","ocean_display_footer_bottom":"default","ocean_custom_footer_template":"","footnotes":""},"class_list":["post-2036","page","type-page","status-publish","hentry","entry"],"_links":{"self":[{"href":"https:\/\/lithos.insu.fr\/index.php?rest_route=\/wp\/v2\/pages\/2036","targetHints":{"allow":["GET"]}}],"collection":[{"href":"https:\/\/lithos.insu.fr\/index.php?rest_route=\/wp\/v2\/pages"}],"about":[{"href":"https:\/\/lithos.insu.fr\/index.php?rest_route=\/wp\/v2\/types\/page"}],"author":[{"embeddable":true,"href":"https:\/\/lithos.insu.fr\/index.php?rest_route=\/wp\/v2\/users\/2"}],"replies":[{"embeddable":true,"href":"https:\/\/lithos.insu.fr\/index.php?rest_route=%2Fwp%2Fv2%2Fcomments&post=2036"}],"version-history":[{"count":15,"href":"https:\/\/lithos.insu.fr\/index.php?rest_route=\/wp\/v2\/pages\/2036\/revisions"}],"predecessor-version":[{"id":2080,"href":"https:\/\/lithos.insu.fr\/index.php?rest_route=\/wp\/v2\/pages\/2036\/revisions\/2080"}],"wp:attachment":[{"href":"https:\/\/lithos.insu.fr\/index.php?rest_route=%2Fwp%2Fv2%2Fmedia&parent=2036"}],"curies":[{"name":"wp","href":"https:\/\/api.w.org\/{rel}","templated":true}]}}