{"id":287,"date":"2025-11-05T09:30:14","date_gmt":"2025-11-05T08:30:14","guid":{"rendered":"https:\/\/lithos.insu.fr\/?page_id=287"},"modified":"2025-11-06T10:29:29","modified_gmt":"2025-11-06T09:29:29","slug":"remise-prix-cristal","status":"publish","type":"page","link":"https:\/\/lithos.insu.fr\/?page_id=287","title":{"rendered":"Remise prix Cristal"},"content":{"rendered":"\n<p>Cette page nous permet de nous rem\u00e9morer ce moment de la c\u00e9r\u00e9monie de remise du prix Cristal 2018 du CNRS au R\u00e9seau des Lithopr\u00e9parateurs de France.<\/p>\n\n\n\n<p><a href=\"https:\/\/www.insu.cnrs.fr\/fr\/talents\/cnrs?medal=521&amp;year=2018\">https:\/\/www.insu.cnrs.fr\/fr\/talents\/cnrs?medal=521&amp;year=2018<\/a><\/p>\n\n\n\n<figure class=\"wp-block-gallery has-nested-images columns-default is-cropped wp-block-gallery-1 is-layout-flex wp-block-gallery-is-layout-flex\">\n<figure class=\"wp-block-image size-large\"><img loading=\"lazy\" decoding=\"async\" width=\"750\" height=\"523\" data-id=\"305\" src=\"https:\/\/lithos.insu.fr\/wp-content\/uploads\/2025\/11\/1a.jpg\" alt=\"\" class=\"wp-image-305\" srcset=\"https:\/\/lithos.insu.fr\/wp-content\/uploads\/2025\/11\/1a.jpg 750w, https:\/\/lithos.insu.fr\/wp-content\/uploads\/2025\/11\/1a-300x209.jpg 300w\" sizes=\"auto, (max-width: 750px) 100vw, 750px\" \/><figcaption class=\"wp-element-caption\">Les troph\u00e9es remis aux diff\u00e9rentes \u00e9quipes r\u00e9compens\u00e9es<\/figcaption><\/figure>\n\n\n\n<figure class=\"wp-block-image size-large\"><img loading=\"lazy\" decoding=\"async\" width=\"750\" height=\"584\" data-id=\"306\" src=\"https:\/\/lithos.insu.fr\/wp-content\/uploads\/2025\/11\/2a.jpg\" alt=\"\" class=\"wp-image-306\" srcset=\"https:\/\/lithos.insu.fr\/wp-content\/uploads\/2025\/11\/2a.jpg 750w, https:\/\/lithos.insu.fr\/wp-content\/uploads\/2025\/11\/2a-300x234.jpg 300w\" sizes=\"auto, (max-width: 750px) 100vw, 750px\" \/><figcaption class=\"wp-element-caption\">Discours d&#8217;introduction par la maitresse de c\u00e9r\u00e9monie<\/figcaption><\/figure>\n\n\n\n<figure class=\"wp-block-image size-large\"><img loading=\"lazy\" decoding=\"async\" width=\"567\" height=\"425\" data-id=\"304\" src=\"https:\/\/lithos.insu.fr\/wp-content\/uploads\/2025\/11\/1.jpg\" alt=\"\" class=\"wp-image-304\" srcset=\"https:\/\/lithos.insu.fr\/wp-content\/uploads\/2025\/11\/1.jpg 567w, https:\/\/lithos.insu.fr\/wp-content\/uploads\/2025\/11\/1-300x225.jpg 300w\" sizes=\"auto, (max-width: 567px) 100vw, 567px\" \/><figcaption class=\"wp-element-caption\">Le Copil du r\u00e9seau repr\u00e9sentant les personnels Lithopr\u00e9parateurs des laboratoires de France<\/figcaption><\/figure>\n\n\n\n<figure class=\"wp-block-image size-large\"><img loading=\"lazy\" decoding=\"async\" width=\"1024\" height=\"768\" data-id=\"311\" src=\"https:\/\/lithos.insu.fr\/wp-content\/uploads\/2025\/11\/IMG_4564-1024x768.jpg\" alt=\"\" class=\"wp-image-311\" srcset=\"https:\/\/lithos.insu.fr\/wp-content\/uploads\/2025\/11\/IMG_4564-1024x768.jpg 1024w, https:\/\/lithos.insu.fr\/wp-content\/uploads\/2025\/11\/IMG_4564-300x225.jpg 300w, https:\/\/lithos.insu.fr\/wp-content\/uploads\/2025\/11\/IMG_4564-768x576.jpg 768w, https:\/\/lithos.insu.fr\/wp-content\/uploads\/2025\/11\/IMG_4564-1536x1152.jpg 1536w, https:\/\/lithos.insu.fr\/wp-content\/uploads\/2025\/11\/IMG_4564-2048x1536.jpg 2048w\" sizes=\"auto, (max-width: 1024px) 100vw, 1024px\" \/><figcaption class=\"wp-element-caption\">Discours de pr\u00e9sentation du r\u00e9seau par Mr Eric HUMLER ici \u00e0 nos cot\u00e9s, directeur scientifique adjoint de l&#8217;INSU<\/figcaption><\/figure>\n\n\n\n<figure class=\"wp-block-image size-large\"><img loading=\"lazy\" decoding=\"async\" width=\"567\" height=\"425\" data-id=\"307\" src=\"https:\/\/lithos.insu.fr\/wp-content\/uploads\/2025\/11\/4.jpg\" alt=\"\" class=\"wp-image-307\" srcset=\"https:\/\/lithos.insu.fr\/wp-content\/uploads\/2025\/11\/4.jpg 567w, https:\/\/lithos.insu.fr\/wp-content\/uploads\/2025\/11\/4-300x225.jpg 300w\" sizes=\"auto, (max-width: 567px) 100vw, 567px\" \/><figcaption class=\"wp-element-caption\">Discours de remerciements lu par Brigitte Spiteri du laboratoire de Bordeaux Montaigne<\/figcaption><\/figure>\n\n\n\n<figure class=\"wp-block-image size-large\"><img loading=\"lazy\" decoding=\"async\" width=\"567\" height=\"425\" data-id=\"308\" src=\"https:\/\/lithos.insu.fr\/wp-content\/uploads\/2025\/11\/5.jpg\" alt=\"\" class=\"wp-image-308\" srcset=\"https:\/\/lithos.insu.fr\/wp-content\/uploads\/2025\/11\/5.jpg 567w, https:\/\/lithos.insu.fr\/wp-content\/uploads\/2025\/11\/5-300x225.jpg 300w\" sizes=\"auto, (max-width: 567px) 100vw, 567px\" \/><figcaption class=\"wp-element-caption\">Photo de groupe du Copil du r\u00e9seau \u00e0 la sortie des remises de prix en compagnie de tous les recipiendaires<\/figcaption><\/figure>\n\n\n\n<figure class=\"wp-block-image size-large\"><img loading=\"lazy\" decoding=\"async\" width=\"750\" height=\"497\" data-id=\"310\" src=\"https:\/\/lithos.insu.fr\/wp-content\/uploads\/2025\/11\/7.jpg\" alt=\"\" class=\"wp-image-310\" srcset=\"https:\/\/lithos.insu.fr\/wp-content\/uploads\/2025\/11\/7.jpg 750w, https:\/\/lithos.insu.fr\/wp-content\/uploads\/2025\/11\/7-300x199.jpg 300w\" sizes=\"auto, (max-width: 750px) 100vw, 750px\" \/><figcaption class=\"wp-element-caption\">Photo de groupe avec deux anciens membres fondateurs du r\u00e9seau<\/figcaption><\/figure>\n\n\n\n<figure class=\"wp-block-image size-large\"><img loading=\"lazy\" decoding=\"async\" width=\"567\" height=\"425\" data-id=\"309\" src=\"https:\/\/lithos.insu.fr\/wp-content\/uploads\/2025\/11\/6.jpg\" alt=\"\" class=\"wp-image-309\" srcset=\"https:\/\/lithos.insu.fr\/wp-content\/uploads\/2025\/11\/6.jpg 567w, https:\/\/lithos.insu.fr\/wp-content\/uploads\/2025\/11\/6-300x225.jpg 300w\" sizes=\"auto, (max-width: 567px) 100vw, 567px\" \/><figcaption class=\"wp-element-caption\">Avant de passer dans les salons du CNRS pour partager un cocktail amical avec les \u00e9quipes r\u00e9compens\u00e9es et les responsables INSU et autres directeurs d&#8217;unit\u00e9s<\/figcaption><\/figure>\n<\/figure>\n","protected":false},"excerpt":{"rendered":"<p>Cette page nous permet de nous rem\u00e9morer ce moment de la c\u00e9r\u00e9monie de remise du prix Cristal 2018 du CNRS au R\u00e9seau des Lithopr\u00e9parateurs de France. https:\/\/www.insu.cnrs.fr\/fr\/talents\/cnrs?medal=521&amp;year=2018<\/p>\n","protected":false},"author":2,"featured_media":0,"parent":0,"menu_order":0,"comment_status":"closed","ping_status":"closed","template":"","meta":{"ocean_post_layout":"","ocean_both_sidebars_style":"","ocean_both_sidebars_content_width":0,"ocean_both_sidebars_sidebars_width":0,"ocean_sidebar":"","ocean_second_sidebar":"","ocean_disable_margins":"enable","ocean_add_body_class":"","ocean_shortcode_before_top_bar":"","ocean_shortcode_after_top_bar":"","ocean_shortcode_before_header":"","ocean_shortcode_after_header":"","ocean_has_shortcode":"","ocean_shortcode_after_title":"","ocean_shortcode_before_footer_widgets":"","ocean_shortcode_after_footer_widgets":"","ocean_shortcode_before_footer_bottom":"","ocean_shortcode_after_footer_bottom":"","ocean_display_top_bar":"default","ocean_display_header":"default","ocean_header_style":"","ocean_center_header_left_menu":"","ocean_custom_header_template":"","ocean_custom_logo":0,"ocean_custom_retina_logo":0,"ocean_custom_logo_max_width":0,"ocean_custom_logo_tablet_max_width":0,"ocean_custom_logo_mobile_max_width":0,"ocean_custom_logo_max_height":0,"ocean_custom_logo_tablet_max_height":0,"ocean_custom_logo_mobile_max_height":0,"ocean_header_custom_menu":"","ocean_menu_typo_font_family":"","ocean_menu_typo_font_subset":"","ocean_menu_typo_font_size":0,"ocean_menu_typo_font_size_tablet":0,"ocean_menu_typo_font_size_mobile":0,"ocean_menu_typo_font_size_unit":"px","ocean_menu_typo_font_weight":"","ocean_menu_typo_font_weight_tablet":"","ocean_menu_typo_font_weight_mobile":"","ocean_menu_typo_transform":"","ocean_menu_typo_transform_tablet":"","ocean_menu_typo_transform_mobile":"","ocean_menu_typo_line_height":0,"ocean_menu_typo_line_height_tablet":0,"ocean_menu_typo_line_height_mobile":0,"ocean_menu_typo_line_height_unit":"","ocean_menu_typo_spacing":0,"ocean_menu_typo_spacing_tablet":0,"ocean_menu_typo_spacing_mobile":0,"ocean_menu_typo_spacing_unit":"","ocean_menu_link_color":"","ocean_menu_link_color_hover":"","ocean_menu_link_color_active":"","ocean_menu_link_background":"","ocean_menu_link_hover_background":"","ocean_menu_link_active_background":"","ocean_menu_social_links_bg":"","ocean_menu_social_hover_links_bg":"","ocean_menu_social_links_color":"","ocean_menu_social_hover_links_color":"","ocean_disable_title":"default","ocean_disable_heading":"default","ocean_post_title":"","ocean_post_subheading":"","ocean_post_title_style":"","ocean_post_title_background_color":"","ocean_post_title_background":0,"ocean_post_title_bg_image_position":"","ocean_post_title_bg_image_attachment":"","ocean_post_title_bg_image_repeat":"","ocean_post_title_bg_image_size":"","ocean_post_title_height":0,"ocean_post_title_bg_overlay":0.5,"ocean_post_title_bg_overlay_color":"","ocean_disable_breadcrumbs":"default","ocean_breadcrumbs_color":"","ocean_breadcrumbs_separator_color":"","ocean_breadcrumbs_links_color":"","ocean_breadcrumbs_links_hover_color":"","ocean_display_footer_widgets":"default","ocean_display_footer_bottom":"default","ocean_custom_footer_template":"","footnotes":""},"class_list":["post-287","page","type-page","status-publish","hentry","entry"],"_links":{"self":[{"href":"https:\/\/lithos.insu.fr\/index.php?rest_route=\/wp\/v2\/pages\/287","targetHints":{"allow":["GET"]}}],"collection":[{"href":"https:\/\/lithos.insu.fr\/index.php?rest_route=\/wp\/v2\/pages"}],"about":[{"href":"https:\/\/lithos.insu.fr\/index.php?rest_route=\/wp\/v2\/types\/page"}],"author":[{"embeddable":true,"href":"https:\/\/lithos.insu.fr\/index.php?rest_route=\/wp\/v2\/users\/2"}],"replies":[{"embeddable":true,"href":"https:\/\/lithos.insu.fr\/index.php?rest_route=%2Fwp%2Fv2%2Fcomments&post=287"}],"version-history":[{"count":4,"href":"https:\/\/lithos.insu.fr\/index.php?rest_route=\/wp\/v2\/pages\/287\/revisions"}],"predecessor-version":[{"id":315,"href":"https:\/\/lithos.insu.fr\/index.php?rest_route=\/wp\/v2\/pages\/287\/revisions\/315"}],"wp:attachment":[{"href":"https:\/\/lithos.insu.fr\/index.php?rest_route=%2Fwp%2Fv2%2Fmedia&parent=287"}],"curies":[{"name":"wp","href":"https:\/\/api.w.org\/{rel}","templated":true}]}}