{"id":82,"date":"2025-11-03T15:46:18","date_gmt":"2025-11-03T14:46:18","guid":{"rendered":"https:\/\/lithos.insu.fr\/?page_id=82"},"modified":"2025-11-03T21:09:19","modified_gmt":"2025-11-03T20:09:19","slug":"mentions-legales","status":"publish","type":"page","link":"https:\/\/lithos.insu.fr\/?page_id=82","title":{"rendered":"Mentions l\u00e9gales"},"content":{"rendered":"\n<p class=\"has-text-align-center\">Le pr\u00e9sent site, conform\u00e9ment \u00e0 la loi n\u00b0 78-17 du 6 janvier 1978 modifi\u00e9e relative \u00e0 l&#8217;informatique, aux fichiers et aux libert\u00e9s et \u00e0 la loi n\u00b02004-575 du 21 juin 2004 pour la confiance dans l&#8217;\u00e9conomie num\u00e9rique est la propri\u00e9t\u00e9 de l&#8217;Observatoire des Sciences de l&#8217;Univers (OSU) Pyth\u00e9as. Il a vocation \u00e0 pr\u00e9senter les missions, les activit\u00e9s et les engagements de l&#8221;universit\u00e9 de Rennes 1&#8217;OSU Pyth\u00e9as, \u00e9tablissement public \u00e0 caract\u00e8re scientifique, culturel et professionnel (E.P.S.C.P.).<\/p>\n\n\n\n<div id=\"ez-toc-container\" class=\"ez-toc-v2_0_82 ez-toc-wrap-center counter-hierarchy ez-toc-counter ez-toc-transparent ez-toc-container-direction\">\n<div class=\"ez-toc-title-container\">\n<p class=\"ez-toc-title\" style=\"cursor:inherit\">Table of Contents<\/p>\n<span class=\"ez-toc-title-toggle\"><a href=\"#\" class=\"ez-toc-pull-right ez-toc-btn ez-toc-btn-xs ez-toc-btn-default ez-toc-toggle\" aria-label=\"Toggle Table of Content\"><span class=\"ez-toc-js-icon-con\"><span class=\"\"><span class=\"eztoc-hide\" style=\"display:none;\">Toggle<\/span><span class=\"ez-toc-icon-toggle-span\"><svg style=\"fill: #999;color:#999\" xmlns=\"http:\/\/www.w3.org\/2000\/svg\" class=\"list-377408\" width=\"20px\" height=\"20px\" viewBox=\"0 0 24 24\" fill=\"none\"><path d=\"M6 6H4v2h2V6zm14 0H8v2h12V6zM4 11h2v2H4v-2zm16 0H8v2h12v-2zM4 16h2v2H4v-2zm16 0H8v2h12v-2z\" fill=\"currentColor\"><\/path><\/svg><svg style=\"fill: #999;color:#999\" class=\"arrow-unsorted-368013\" xmlns=\"http:\/\/www.w3.org\/2000\/svg\" width=\"10px\" height=\"10px\" viewBox=\"0 0 24 24\" version=\"1.2\" baseProfile=\"tiny\"><path d=\"M18.2 9.3l-6.2-6.3-6.2 6.3c-.2.2-.3.4-.3.7s.1.5.3.7c.2.2.4.3.7.3h11c.3 0 .5-.1.7-.3.2-.2.3-.5.3-.7s-.1-.5-.3-.7zM5.8 14.7l6.2 6.3 6.2-6.3c.2-.2.3-.5.3-.7s-.1-.5-.3-.7c-.2-.2-.4-.3-.7-.3h-11c-.3 0-.5.1-.7.3-.2.2-.3.5-.3.7s.1.5.3.7z\"\/><\/svg><\/span><\/span><\/span><\/a><\/span><\/div>\n<nav><ul class='ez-toc-list ez-toc-list-level-1 ' ><li class='ez-toc-page-1 ez-toc-heading-level-2'><a class=\"ez-toc-link ez-toc-heading-1\" href=\"https:\/\/lithos.insu.fr\/?page_id=82\/#Editeur\" >\u00c9diteur<\/a><\/li><li class='ez-toc-page-1 ez-toc-heading-level-2'><a class=\"ez-toc-link ez-toc-heading-2\" href=\"https:\/\/lithos.insu.fr\/?page_id=82\/#Hebergement\" >H\u00e9bergement<\/a><\/li><li class='ez-toc-page-1 ez-toc-heading-level-2'><a class=\"ez-toc-link ez-toc-heading-3\" href=\"https:\/\/lithos.insu.fr\/?page_id=82\/#Conception_developpement_et_realisation\" >Conception, d\u00e9veloppement et r\u00e9alisation<\/a><\/li><li class='ez-toc-page-1 ez-toc-heading-level-2'><a class=\"ez-toc-link ez-toc-heading-4\" href=\"https:\/\/lithos.insu.fr\/?page_id=82\/#Credits_photographiques_et_medias\" >Cr\u00e9dits photographiques et m\u00e9dias<\/a><\/li><li class='ez-toc-page-1 ez-toc-heading-level-2'><a class=\"ez-toc-link ez-toc-heading-5\" href=\"https:\/\/lithos.insu.fr\/?page_id=82\/#Conditions_generales_dutilisation\" >Conditions g\u00e9n\u00e9rales d&#8217;utilisation<\/a><\/li><li class='ez-toc-page-1 ez-toc-heading-level-2'><a class=\"ez-toc-link ez-toc-heading-6\" href=\"https:\/\/lithos.insu.fr\/?page_id=82\/#Informatique_fichiers_et_liberte\" >Informatique, fichiers et libert\u00e9<\/a><\/li><li class='ez-toc-page-1 ez-toc-heading-level-2'><a class=\"ez-toc-link ez-toc-heading-7\" href=\"https:\/\/lithos.insu.fr\/?page_id=82\/#Propriete_intellectuelle_droit_de_reproduction_liens_hypertextes\" >Propri\u00e9t\u00e9 intellectuelle, droit de reproduction, liens hypertextes<\/a><\/li><li class='ez-toc-page-1 ez-toc-heading-level-2'><a class=\"ez-toc-link ez-toc-heading-8\" href=\"https:\/\/lithos.insu.fr\/?page_id=82\/#Procedure_de_notification\" >Proc\u00e9dure de notification<\/a><\/li><li class='ez-toc-page-1 ez-toc-heading-level-2'><a class=\"ez-toc-link ez-toc-heading-9\" href=\"https:\/\/lithos.insu.fr\/?page_id=82\/#Modification_de_la_notice_legale\" >Modification de la notice l\u00e9gale<\/a><\/li><li class='ez-toc-page-1 ez-toc-heading-level-2'><a class=\"ez-toc-link ez-toc-heading-10\" href=\"https:\/\/lithos.insu.fr\/?page_id=82\/#Droit_applicable\" >Droit applicable<\/a><\/li><\/ul><\/nav><\/div>\n<h2 class=\"wp-block-heading\"><span class=\"ez-toc-section\" id=\"Editeur\"><\/span>\u00c9diteur<span class=\"ez-toc-section-end\"><\/span><\/h2>\n\n\n\n<p>Le directeur de l\u2019Observatoire des Sciences de l\u2019Univers Pyth\u00e9as est : Jean-Luc BEUZIT.<br>Le responsable de la r\u00e9daction est Julien LONGEREY.<br>\u2022 T\u00e9l\u00e9phone : +33 413949227<br>\u2022 Adresse courriel : longerey@cerege.fr<br>\u2022 CNRS CEREGE &#8211; UMR 7330<br>  <em>Technop\u00f4le de l&#8217;Arbois-M\u00e9diterran\u00e9e BP80<\/em><br>  <em>CEDEX 04 13545 Aix-en-Provence<\/em><\/p>\n\n\n\n<h2 class=\"wp-block-heading\"><span class=\"ez-toc-section\" id=\"Hebergement\"><\/span><strong>H\u00e9bergement<\/strong><span class=\"ez-toc-section-end\"><\/span><\/h2>\n\n\n\n<p>L&#8217;h\u00e9bergement est assur\u00e9 par l&#8217;OSU Pyth\u00e9as, dont le si\u00e8ge est :<br><em>38 Rue Fr\u00e9d\u00e9ric Joliot Curie<\/em><br><em>13013 Marseille<\/em><br><em>France<\/em><\/p>\n\n\n\n<h2 class=\"wp-block-heading\"><span class=\"ez-toc-section\" id=\"Conception_developpement_et_realisation\"><\/span><strong>Conception, d\u00e9veloppement et r\u00e9alisation<\/strong><span class=\"ez-toc-section-end\"><\/span><\/h2>\n\n\n\n<p>Coordination du projet<br>\u2022 Julien LONGEREY<br>\u2022 Xavier LE COZ<\/p>\n\n\n\n<p>Conception web<br>\u2022 Julien LONGEREY<br>\u2022 Xavier LE COZ<\/p>\n\n\n\n<p>D\u00e9veloppement Web<br>\u2022 Julien LONGEREY<\/p>\n\n\n\n<p>\u2022 Xavier LE COZ<\/p>\n\n\n\n<p>Int\u00e9gration Web <br>\u2022 Service Informatique Pytheas (SIP)<\/p>\n\n\n\n<h2 class=\"wp-block-heading\"><span class=\"ez-toc-section\" id=\"Credits_photographiques_et_medias\"><\/span><strong>Cr\u00e9dits photographiques et m\u00e9dias<\/strong><span class=\"ez-toc-section-end\"><\/span><\/h2>\n\n\n\n<p>Sauf mention contraire, les photographies pr\u00e9sentes sur le pr\u00e9sent site sont la propri\u00e9t\u00e9 de l&#8217;OSU Pyth\u00e9as, l\u2019Universit\u00e9 de Rennes 1, qu&#8217;aux membres du R\u00e9seau des Lithopr\u00e9parateurs de France.<\/p>\n\n\n\n<h2 class=\"wp-block-heading\"><span class=\"ez-toc-section\" id=\"Conditions_generales_dutilisation\"><\/span><strong>Conditions g\u00e9n\u00e9rales d&#8217;utilisation<\/strong><span class=\"ez-toc-section-end\"><\/span><\/h2>\n\n\n\n<p>L&#8217;utilisateur reconna\u00eet avoir pris connaissance de la pr\u00e9sente notice l\u00e9gale et s&#8217;engage \u00e0 la respecter. Il reconna\u00eet avoir v\u00e9rifi\u00e9 que la configuration informatique qu&#8217;il utilise ne contient aucun virus ou tout autre \u00ab logiciel malintentionn\u00e9 \u00bb et qu&#8217;elle est en parfait \u00e9tat de fonctionnement.<\/p>\n\n\n\n<p>L&#8217;utilisateur est seul responsable du choix, de l&#8217;utilisation et de l&#8217;interpr\u00e9tation des donn\u00e9es qu&#8217;il consulte, interroge et transf\u00e8re sur l&#8217;Internet. Le propri\u00e9taire du site web met tout en \u0153uvre pour offrir aux utilisateurs des informations et\/ou des outils disponibles et v\u00e9rifi\u00e9(e)s mais ne saurait \u00eatre tenu pour responsable des erreurs, d&#8217;une absence de disponibilit\u00e9 des informations et\/ou de la pr\u00e9sence de virus ou de \u00ablogiciels malintentionn\u00e9s\u00bb sur son site.<\/p>\n\n\n\n<h2 class=\"wp-block-heading\"><span class=\"ez-toc-section\" id=\"Informatique_fichiers_et_liberte\"><\/span><strong>Informatique, fichiers et libert\u00e9<\/strong><span class=\"ez-toc-section-end\"><\/span><\/h2>\n\n\n\n<p>En conformit\u00e9 avec les dispositions de la loi n\u00b0 78-17 du 6 janvier 1978 modifi\u00e9e relative \u00e0 l&#8217;informatique, aux fichiers et aux libert\u00e9s, les traitements automatis\u00e9s de donn\u00e9es nominatives r\u00e9alis\u00e9s \u00e0 partir du pr\u00e9sent site web ont fait l&#8217;objet d&#8217;une d\u00e9claration dans le registre \u00ab Informatique et libert\u00e9s \u00bb de l\u2019OSU Pyth\u00e9as.<\/p>\n\n\n\n<p>L&#8217;utilisateur est notamment inform\u00e9 que, conform\u00e9ment aux termes de la loi n\u00b0 78-17, il dispose d&#8217;un droit d&#8217;acc\u00e8s, de rectification et de suppression portant sur les donn\u00e9es personnelles le concernant en \u00e9crivant \u00e0 l&#8217;adresse ci-dessus du responsable de la r\u00e9daction.<\/p>\n\n\n\n<h2 class=\"wp-block-heading\"><span class=\"ez-toc-section\" id=\"Propriete_intellectuelle_droit_de_reproduction_liens_hypertextes\"><\/span><strong>Propri\u00e9t\u00e9 intellectuelle, droit de reproduction, liens hypertextes<\/strong><span class=\"ez-toc-section-end\"><\/span><\/h2>\n\n\n\n<p>La structure g\u00e9n\u00e9rale ainsi que les logiciels, textes, images anim\u00e9es ou non, sons, savoir-faire et tous les autres \u00e9l\u00e9ments composant le site sont la propri\u00e9t\u00e9 exclusive de l&#8217;Universit\u00e9 de Rennes 1 ou bien sont r\u00e9guli\u00e8rement exploit\u00e9s sous licence. L&#8217;ensemble de ce site rel\u00e8ve de la l\u00e9gislation fran\u00e7aise et internationale sur le droit d&#8217;auteur et la propri\u00e9t\u00e9 intellectuelle. Tous les droits de reproduction sont r\u00e9serv\u00e9s, y compris pour les documents t\u00e9l\u00e9chargeables et les repr\u00e9sentations iconographiques ou photographiques.<\/p>\n\n\n\n<p>Toute reproduction \u00e9lectronique totale ou partielle de ce site sans l&#8217;autorisation expresse de l\u2019OSU Pyth\u00e9as est interdite et constituerait une contrefa\u00e7on sanctionn\u00e9e par les articles L 335-2 et suivants du Code de la Propri\u00e9t\u00e9 Intellectuelle (CPI), sauf mention expresse du contraire.<\/p>\n\n\n\n<p>La reproduction sur support papier des pages de ce site est autoris\u00e9e sauf mention explicite du contraire, sous r\u00e9serve du respect des conditions suivantes :<br>\u2022 respect de l&#8217;int\u00e9grit\u00e9 des documents reproduits<br>\u2022 citation explicite de l&#8217;origine : &#8220;OSU Pyth\u00e9as&#8221; et &#8220;Universit\u00e9 de Rennes 1&#8221; et mention que les droits de reproduction sont r\u00e9serv\u00e9s et limit\u00e9s<br>\u2022 gratuit\u00e9 de la diffusion.<\/p>\n\n\n\n<p>Les bases de donn\u00e9es figurant sur le pr\u00e9sent site sont prot\u00e9g\u00e9es par les dispositions de la loi du 1 er juillet 1998 portant transposition dans le CPI de la directive du 11 mars 1996 relative \u00e0 la protection juridique des bases de donn\u00e9es.<\/p>\n\n\n\n<p>Il est possible de cr\u00e9er un lien vers la page d&#8217;accueil du site, sous r\u00e9serve qu&#8217;il ne soit pas utilis\u00e9 \u00e0 des fins commerciales ou publicitaires et de la mention expresse au site sur le lien ou \u00e0 proximit\u00e9 de celui-ci. Cette autorisation ne s&#8217;applique pas aux sites internet diffusant des informations \u00e0 caract\u00e8re illicite.<\/p>\n\n\n\n<p>En tout \u00e9tat de cause, le webmestre qui cr\u00e9erait un lien hypertexte s&#8217;engage \u00e0 ne pas utiliser la technique du lien profond dit \u00ab deep linking \u00bb. Il s&#8217;agit notamment des liens vers des documents graphiques, multim\u00e9dia ou anim\u00e9s (format jpeg, gif, etc.) et tout autre document texte (format txt, doc, rtf, pdf, etc.), que ceux-ci soient t\u00e9l\u00e9chargeables ou non.<\/p>\n\n\n\n<p>Tout utilisation d&#8217;\u00e9l\u00e9ments du site \u00e0 l&#8217;int\u00e9rieur d&#8217;un autre site par le biais d&#8217;inclusions, de cadres, d&#8217;inlining ou de proc\u00e9d\u00e9s similaires est interdite.<\/p>\n\n\n\n<p>Pour toute demande concernant un lien hypertexte, contactez le responsable de la r\u00e9daction \u00e0 l&#8217;adresse mentionn\u00e9e ci- dessus, en pr\u00e9cisant l&#8217;adresse de la page o\u00f9 figurera le lien sur le site tiers.<\/p>\n\n\n\n<h2 class=\"wp-block-heading\"><span class=\"ez-toc-section\" id=\"Procedure_de_notification\"><\/span><strong>Proc\u00e9dure de notification<\/strong><span class=\"ez-toc-section-end\"><\/span><\/h2>\n\n\n\n<p>L&#8217;utilisateur qui constaterait des inexactitudes, des informations erron\u00e9es ou des informations de caract\u00e8re manifestement illicite, est tenu d&#8217;en informer le responsable de la publication afin que celui-ci y mette fin.<\/p>\n\n\n\n<h2 class=\"wp-block-heading\"><span class=\"ez-toc-section\" id=\"Modification_de_la_notice_legale\"><\/span><strong>Modification de la notice l\u00e9gale<\/strong><span class=\"ez-toc-section-end\"><\/span><\/h2>\n\n\n\n<p>L\u2019OSU Pyth\u00e9as, propri\u00e9taire et exploitant du site, se r\u00e9serve le droit de modifier la pr\u00e9sente notice \u00e0 tout moment. L&#8217;utilisateur s&#8217;engage donc \u00e0 la consulter r\u00e9guli\u00e8rement.<\/p>\n\n\n\n<h2 class=\"wp-block-heading\"><span class=\"ez-toc-section\" id=\"Droit_applicable\"><\/span><strong>Droit applicable<\/strong><span class=\"ez-toc-section-end\"><\/span><\/h2>\n\n\n\n<p>En cas de litige, le droit fran\u00e7ais est applicable. Il est fait attribution exclusive de juridiction aux tribunaux comp\u00e9tents de Marseille (France).<\/p>\n","protected":false},"excerpt":{"rendered":"<p>Le pr\u00e9sent site, conform\u00e9ment \u00e0 la loi n\u00b0 78-17 du 6 janvier 1978 modifi\u00e9e relative \u00e0 l&#8217;informatique, aux fichiers et aux libert\u00e9s et \u00e0 la loi n\u00b02004-575 du 21 juin 2004 pour la confiance dans l&#8217;\u00e9conomie num\u00e9rique est la propri\u00e9t\u00e9 de l&#8217;Observatoire des Sciences de l&#8217;Univers (OSU) Pyth\u00e9as. Il a vocation \u00e0 pr\u00e9senter les missions, [&hellip;]<\/p>\n","protected":false},"author":2,"featured_media":0,"parent":0,"menu_order":0,"comment_status":"closed","ping_status":"closed","template":"","meta":{"ocean_post_layout":"","ocean_both_sidebars_style":"","ocean_both_sidebars_content_width":0,"ocean_both_sidebars_sidebars_width":0,"ocean_sidebar":"","ocean_second_sidebar":"","ocean_disable_margins":"enable","ocean_add_body_class":"","ocean_shortcode_before_top_bar":"","ocean_shortcode_after_top_bar":"","ocean_shortcode_before_header":"","ocean_shortcode_after_header":"","ocean_has_shortcode":"","ocean_shortcode_after_title":"","ocean_shortcode_before_footer_widgets":"","ocean_shortcode_after_footer_widgets":"","ocean_shortcode_before_footer_bottom":"","ocean_shortcode_after_footer_bottom":"","ocean_display_top_bar":"default","ocean_display_header":"default","ocean_header_style":"","ocean_center_header_left_menu":"","ocean_custom_header_template":"","ocean_custom_logo":0,"ocean_custom_retina_logo":0,"ocean_custom_logo_max_width":0,"ocean_custom_logo_tablet_max_width":0,"ocean_custom_logo_mobile_max_width":0,"ocean_custom_logo_max_height":0,"ocean_custom_logo_tablet_max_height":0,"ocean_custom_logo_mobile_max_height":0,"ocean_header_custom_menu":"","ocean_menu_typo_font_family":"","ocean_menu_typo_font_subset":"","ocean_menu_typo_font_size":0,"ocean_menu_typo_font_size_tablet":0,"ocean_menu_typo_font_size_mobile":0,"ocean_menu_typo_font_size_unit":"px","ocean_menu_typo_font_weight":"","ocean_menu_typo_font_weight_tablet":"","ocean_menu_typo_font_weight_mobile":"","ocean_menu_typo_transform":"","ocean_menu_typo_transform_tablet":"","ocean_menu_typo_transform_mobile":"","ocean_menu_typo_line_height":0,"ocean_menu_typo_line_height_tablet":0,"ocean_menu_typo_line_height_mobile":0,"ocean_menu_typo_line_height_unit":"","ocean_menu_typo_spacing":0,"ocean_menu_typo_spacing_tablet":0,"ocean_menu_typo_spacing_mobile":0,"ocean_menu_typo_spacing_unit":"","ocean_menu_link_color":"","ocean_menu_link_color_hover":"","ocean_menu_link_color_active":"","ocean_menu_link_background":"","ocean_menu_link_hover_background":"","ocean_menu_link_active_background":"","ocean_menu_social_links_bg":"","ocean_menu_social_hover_links_bg":"","ocean_menu_social_links_color":"","ocean_menu_social_hover_links_color":"","ocean_disable_title":"default","ocean_disable_heading":"default","ocean_post_title":"","ocean_post_subheading":"","ocean_post_title_style":"","ocean_post_title_background_color":"","ocean_post_title_background":0,"ocean_post_title_bg_image_position":"","ocean_post_title_bg_image_attachment":"","ocean_post_title_bg_image_repeat":"","ocean_post_title_bg_image_size":"","ocean_post_title_height":0,"ocean_post_title_bg_overlay":0.5,"ocean_post_title_bg_overlay_color":"","ocean_disable_breadcrumbs":"default","ocean_breadcrumbs_color":"","ocean_breadcrumbs_separator_color":"","ocean_breadcrumbs_links_color":"","ocean_breadcrumbs_links_hover_color":"","ocean_display_footer_widgets":"default","ocean_display_footer_bottom":"default","ocean_custom_footer_template":"","footnotes":""},"class_list":["post-82","page","type-page","status-publish","hentry","entry"],"_links":{"self":[{"href":"https:\/\/lithos.insu.fr\/index.php?rest_route=\/wp\/v2\/pages\/82","targetHints":{"allow":["GET"]}}],"collection":[{"href":"https:\/\/lithos.insu.fr\/index.php?rest_route=\/wp\/v2\/pages"}],"about":[{"href":"https:\/\/lithos.insu.fr\/index.php?rest_route=\/wp\/v2\/types\/page"}],"author":[{"embeddable":true,"href":"https:\/\/lithos.insu.fr\/index.php?rest_route=\/wp\/v2\/users\/2"}],"replies":[{"embeddable":true,"href":"https:\/\/lithos.insu.fr\/index.php?rest_route=%2Fwp%2Fv2%2Fcomments&post=82"}],"version-history":[{"count":10,"href":"https:\/\/lithos.insu.fr\/index.php?rest_route=\/wp\/v2\/pages\/82\/revisions"}],"predecessor-version":[{"id":118,"href":"https:\/\/lithos.insu.fr\/index.php?rest_route=\/wp\/v2\/pages\/82\/revisions\/118"}],"wp:attachment":[{"href":"https:\/\/lithos.insu.fr\/index.php?rest_route=%2Fwp%2Fv2%2Fmedia&parent=82"}],"curies":[{"name":"wp","href":"https:\/\/api.w.org\/{rel}","templated":true}]}}