{"id":99,"date":"2025-11-03T20:41:56","date_gmt":"2025-11-03T19:41:56","guid":{"rendered":"https:\/\/lithos.insu.fr\/?page_id=99"},"modified":"2025-11-07T20:45:11","modified_gmt":"2025-11-07T19:45:11","slug":"rencontres-anf","status":"publish","type":"page","link":"https:\/\/lithos.insu.fr\/?page_id=99","title":{"rendered":"Rencontres ANF"},"content":{"rendered":"\n<p>Le r\u00e9seau organise d\u00e9sormais tous les deux ans une rencontre \/ \u00e9change en lithopr\u00e9paration.<\/p>\n\n\n\n<p>Ces journ\u00e9es ont lieu au sein de l\u2019universit\u00e9 dans laquelle op\u00e8re l&#8217;organisateur de la formation.<\/p>\n\n\n\n<p>Elles permettent aux participants d\u2019\u00e9changer sur de nouveaux protocoles, nouveaux mat\u00e9riels, nouveaux mat\u00e9riaux&#8230;<\/p>\n\n\n\n<p>Elles ont aussi et surtout pour but de venir en aide aux nouvelles recrues en qu\u00eate d&#8217;informations et de formations.<\/p>\n\n\n\n<p>Ainsi depuis sa cr\u00e9ation en 1999, plusieurs rencontres ont pu avoir lieu.<\/p>\n\n\n\n<ul class=\"wp-block-list\">\n<li><a href=\"https:\/\/lithos.insu.fr\/?p=316\" data-type=\"post\" data-id=\"316\">1999 : Poitiers<\/a><\/li>\n\n\n\n<li><a href=\"https:\/\/lithos.insu.fr\/?p=331\" data-type=\"post\" data-id=\"331\">2000 : La Rochelle <\/a><\/li>\n\n\n\n<li><a href=\"https:\/\/lithos.insu.fr\/?p=354\" data-type=\"post\" data-id=\"354\">2002 : Lille<\/a><\/li>\n\n\n\n<li><a href=\"https:\/\/lithos.insu.fr\/?p=366\" data-type=\"post\" data-id=\"366\">2003 : Montpellier<\/a><\/li>\n\n\n\n<li><a href=\"https:\/\/lithos.insu.fr\/?p=379\" data-type=\"post\" data-id=\"379\">2005 : Pau<\/a><\/li>\n\n\n\n<li><a href=\"https:\/\/lithos.insu.fr\/?p=485\" data-type=\"post\" data-id=\"485\">2007 : Bordeaux<\/a><\/li>\n\n\n\n<li><a href=\"https:\/\/lithos.insu.fr\/?p=598\" data-type=\"post\" data-id=\"598\">2009 : Toulouse<\/a><\/li>\n\n\n\n<li><a href=\"https:\/\/lithos.insu.fr\/?p=630\" data-type=\"post\" data-id=\"630\">2011 : Saint-Etienne<\/a><\/li>\n\n\n\n<li><a href=\"https:\/\/lithos.insu.fr\/?p=867\" data-type=\"post\" data-id=\"867\">2013 : Rennes<\/a><\/li>\n\n\n\n<li><a href=\"https:\/\/lithos.insu.fr\/?p=873\" data-type=\"post\" data-id=\"873\">2017 : Besan\u00e7on<\/a><\/li>\n\n\n\n<li><a href=\"https:\/\/lithos.insu.fr\/?p=880\" data-type=\"post\" data-id=\"880\">2019 : Le Mans<\/a><\/li>\n\n\n\n<li><a href=\"https:\/\/lithos.insu.fr\/?p=885\" data-type=\"post\" data-id=\"885\">2022 : Montpellier<\/a><\/li>\n\n\n\n<li><a href=\"https:\/\/lithos.insu.fr\/?p=887\" data-type=\"post\" data-id=\"887\">2024 : Brest<\/a><\/li>\n<\/ul>\n","protected":false},"excerpt":{"rendered":"<p>Le r\u00e9seau organise d\u00e9sormais tous les deux ans une rencontre \/ \u00e9change en lithopr\u00e9paration. Ces journ\u00e9es ont lieu au sein de l\u2019universit\u00e9 dans laquelle op\u00e8re l&#8217;organisateur de la formation. Elles permettent aux participants d\u2019\u00e9changer sur de nouveaux protocoles, nouveaux mat\u00e9riels, nouveaux mat\u00e9riaux&#8230; Elles ont aussi et surtout pour but de venir en aide aux nouvelles [&hellip;]<\/p>\n","protected":false},"author":2,"featured_media":0,"parent":0,"menu_order":0,"comment_status":"closed","ping_status":"closed","template":"","meta":{"ocean_post_layout":"","ocean_both_sidebars_style":"","ocean_both_sidebars_content_width":0,"ocean_both_sidebars_sidebars_width":0,"ocean_sidebar":"","ocean_second_sidebar":"","ocean_disable_margins":"enable","ocean_add_body_class":"","ocean_shortcode_before_top_bar":"","ocean_shortcode_after_top_bar":"","ocean_shortcode_before_header":"","ocean_shortcode_after_header":"","ocean_has_shortcode":"","ocean_shortcode_after_title":"","ocean_shortcode_before_footer_widgets":"","ocean_shortcode_after_footer_widgets":"","ocean_shortcode_before_footer_bottom":"","ocean_shortcode_after_footer_bottom":"","ocean_display_top_bar":"default","ocean_display_header":"default","ocean_header_style":"","ocean_center_header_left_menu":"","ocean_custom_header_template":"","ocean_custom_logo":0,"ocean_custom_retina_logo":0,"ocean_custom_logo_max_width":0,"ocean_custom_logo_tablet_max_width":0,"ocean_custom_logo_mobile_max_width":0,"ocean_custom_logo_max_height":0,"ocean_custom_logo_tablet_max_height":0,"ocean_custom_logo_mobile_max_height":0,"ocean_header_custom_menu":"","ocean_menu_typo_font_family":"","ocean_menu_typo_font_subset":"","ocean_menu_typo_font_size":0,"ocean_menu_typo_font_size_tablet":0,"ocean_menu_typo_font_size_mobile":0,"ocean_menu_typo_font_size_unit":"px","ocean_menu_typo_font_weight":"","ocean_menu_typo_font_weight_tablet":"","ocean_menu_typo_font_weight_mobile":"","ocean_menu_typo_transform":"","ocean_menu_typo_transform_tablet":"","ocean_menu_typo_transform_mobile":"","ocean_menu_typo_line_height":0,"ocean_menu_typo_line_height_tablet":0,"ocean_menu_typo_line_height_mobile":0,"ocean_menu_typo_line_height_unit":"","ocean_menu_typo_spacing":0,"ocean_menu_typo_spacing_tablet":0,"ocean_menu_typo_spacing_mobile":0,"ocean_menu_typo_spacing_unit":"","ocean_menu_link_color":"","ocean_menu_link_color_hover":"","ocean_menu_link_color_active":"","ocean_menu_link_background":"","ocean_menu_link_hover_background":"","ocean_menu_link_active_background":"","ocean_menu_social_links_bg":"","ocean_menu_social_hover_links_bg":"","ocean_menu_social_links_color":"","ocean_menu_social_hover_links_color":"","ocean_disable_title":"default","ocean_disable_heading":"default","ocean_post_title":"","ocean_post_subheading":"","ocean_post_title_style":"","ocean_post_title_background_color":"","ocean_post_title_background":0,"ocean_post_title_bg_image_position":"","ocean_post_title_bg_image_attachment":"","ocean_post_title_bg_image_repeat":"","ocean_post_title_bg_image_size":"","ocean_post_title_height":0,"ocean_post_title_bg_overlay":0.5,"ocean_post_title_bg_overlay_color":"","ocean_disable_breadcrumbs":"default","ocean_breadcrumbs_color":"","ocean_breadcrumbs_separator_color":"","ocean_breadcrumbs_links_color":"","ocean_breadcrumbs_links_hover_color":"","ocean_display_footer_widgets":"default","ocean_display_footer_bottom":"default","ocean_custom_footer_template":"","footnotes":""},"class_list":["post-99","page","type-page","status-publish","hentry","entry"],"_links":{"self":[{"href":"https:\/\/lithos.insu.fr\/index.php?rest_route=\/wp\/v2\/pages\/99","targetHints":{"allow":["GET"]}}],"collection":[{"href":"https:\/\/lithos.insu.fr\/index.php?rest_route=\/wp\/v2\/pages"}],"about":[{"href":"https:\/\/lithos.insu.fr\/index.php?rest_route=\/wp\/v2\/types\/page"}],"author":[{"embeddable":true,"href":"https:\/\/lithos.insu.fr\/index.php?rest_route=\/wp\/v2\/users\/2"}],"replies":[{"embeddable":true,"href":"https:\/\/lithos.insu.fr\/index.php?rest_route=%2Fwp%2Fv2%2Fcomments&post=99"}],"version-history":[{"count":5,"href":"https:\/\/lithos.insu.fr\/index.php?rest_route=\/wp\/v2\/pages\/99\/revisions"}],"predecessor-version":[{"id":910,"href":"https:\/\/lithos.insu.fr\/index.php?rest_route=\/wp\/v2\/pages\/99\/revisions\/910"}],"wp:attachment":[{"href":"https:\/\/lithos.insu.fr\/index.php?rest_route=%2Fwp%2Fv2%2Fmedia&parent=99"}],"curies":[{"name":"wp","href":"https:\/\/api.w.org\/{rel}","templated":true}]}}